{"id":892,"date":"2024-03-24T23:01:45","date_gmt":"2024-03-24T22:01:45","guid":{"rendered":"https:\/\/provinciales.dev-atolldesign.com\/?page_id=892"},"modified":"2024-09-14T11:12:40","modified_gmt":"2024-09-14T09:12:40","slug":"yannick-services","status":"publish","type":"page","link":"https:\/\/provinciales.dev-atolldesign.com\/index.php\/yannick-services\/","title":{"rendered":"Yannick services"},"content":{"rendered":"\t\t<div data-elementor-type=\"wp-page\" data-elementor-id=\"892\" class=\"elementor elementor-892\" data-elementor-post-type=\"page\">\n\t\t\t\t<div class=\"elementor-element elementor-element-acd38d4 e-con-full elementor-hidden-desktop elementor-hidden-tablet elementor-hidden-mobile e-flex e-con e-parent\" data-id=\"acd38d4\" data-element_type=\"container\">\n\t\t<div class=\"elementor-element elementor-element-02b8aa1 e-con-full e-flex e-con e-child\" data-id=\"02b8aa1\" data-element_type=\"container\">\n\t\t\t\t<div class=\"elementor-element elementor-element-3e025b2 elementor-widget elementor-widget-image\" data-id=\"3e025b2\" data-element_type=\"widget\" data-widget_type=\"image.default\">\n\t\t\t\t<div class=\"elementor-widget-container\">\n\t\t\t\t\t\t\t\t\t\t\t\t\t<img decoding=\"async\" src=\"https:\/\/provinciales.dev-atolldesign.com\/wp-content\/uploads\/elementor\/thumbs\/provinciales-logo-jpeg-1920w-removebg-preview-qll416b90glcyhhddvd1az3ty7ps5oj7rsltyowe80.png\" title=\"provinciales-logo-jpeg-1920w-removebg-preview\" alt=\"provinciales-logo-jpeg-1920w-removebg-preview\" loading=\"lazy\" \/>\t\t\t\t\t\t\t\t\t\t\t\t\t<\/div>\n\t\t\t\t<\/div>\n\t\t\t\t<\/div>\n\t\t<div class=\"elementor-element elementor-element-9317b35 e-con-full e-flex e-con e-child\" data-id=\"9317b35\" data-element_type=\"container\">\n\t\t\t\t<div class=\"elementor-element elementor-element-7d3c4ba elementor-widget elementor-widget-text-editor\" data-id=\"7d3c4ba\" data-element_type=\"widget\" data-widget_type=\"text-editor.default\">\n\t\t\t\t<div class=\"elementor-widget-container\">\n\t\t\t\t\t\t\t<p>Accueil\u00a0 \u00a0 \u00a0 \u00a0\u00c0 propos\u00a0 \u00a0 \u00a0 \u00a0Nos services\u00a0 \u00a0 \u00a0 \u00a0Nos r\u00e9alisations\u00a0 \u00a0 \u00a0 \u00a0Contact<\/p>\t\t\t\t\t\t<\/div>\n\t\t\t\t<\/div>\n\t\t\t\t<\/div>\n\t\t<div class=\"elementor-element elementor-element-b8cd12a e-con-full e-flex e-con e-child\" data-id=\"b8cd12a\" data-element_type=\"container\">\n\t\t\t\t<div class=\"elementor-element elementor-element-584d40c elementor-widget elementor-widget-text-editor\" data-id=\"584d40c\" data-element_type=\"widget\" data-widget_type=\"text-editor.default\">\n\t\t\t\t<div class=\"elementor-widget-container\">\n\t\t\t\t\t\t\t<p>04 68 23 24 72<\/p>\t\t\t\t\t\t<\/div>\n\t\t\t\t<\/div>\n\t\t\t\t<\/div>\n\t\t\t\t<\/div>\n\t\t<div class=\"premium-parallax-section-hide elementor-element elementor-element-60d11d95 e-con-full premium-parallax-yes e-flex elementor-invisible e-con e-parent\" data-pa-parallax=\"{&quot;type&quot;:&quot;scroll&quot;,&quot;speed&quot;:0.2,&quot;android&quot;:1,&quot;ios&quot;:1,&quot;size&quot;:&quot;cover&quot;,&quot;repeat&quot;:&quot;&quot;}\" data-id=\"60d11d95\" data-element_type=\"container\" id=\"visions\" data-settings=\"{&quot;background_background&quot;:&quot;classic&quot;,&quot;animation&quot;:&quot;fadeIn&quot;}\">\n\t\t\t\t<div class=\"elementor-element elementor-element-6077f5a elementor-invisible elementor-widget elementor-widget-text-editor\" data-id=\"6077f5a\" data-element_type=\"widget\" data-settings=\"{&quot;_animation&quot;:&quot;slideInUp&quot;}\" data-widget_type=\"text-editor.default\">\n\t\t\t\t<div class=\"elementor-widget-container\">\n\t\t\t\t\t\t\t<p><span style=\"font-size: 30px; color: var( --e-global-color-fba1a0b ); background-color: transparent;\">Particulier \u25a0 Professionnel<\/span><\/p>\t\t\t\t\t\t<\/div>\n\t\t\t\t<\/div>\n\t\t\t\t<div class=\"elementor-element elementor-element-25e6f61 elementor-widget elementor-widget-text-editor\" data-id=\"25e6f61\" data-element_type=\"widget\" data-widget_type=\"text-editor.default\">\n\t\t\t\t<div class=\"elementor-widget-container\">\n\t\t\t\t\t\t\t<p><b style=\"font-size: 37px; color: var( --e-global-color-fba1a0b ); background-color: transparent;\">VOTRE PARTENAIRE CONFIANCE<\/b><\/p>\t\t\t\t\t\t<\/div>\n\t\t\t\t<\/div>\n\t\t<div class=\"elementor-element elementor-element-137268d e-flex e-con-boxed elementor-invisible e-con e-child\" data-id=\"137268d\" data-element_type=\"container\" data-settings=\"{&quot;animation&quot;:&quot;slideInUp&quot;,&quot;animation_delay&quot;:100}\">\n\t\t\t\t\t<div class=\"e-con-inner\">\n\t\t<div class=\"elementor-element elementor-element-5b22ae6 e-flex e-con-boxed e-con e-child\" data-id=\"5b22ae6\" data-element_type=\"container\" data-settings=\"{&quot;background_background&quot;:&quot;classic&quot;}\">\n\t\t\t\t\t<div class=\"e-con-inner\">\n\t\t\t\t\t<\/div>\n\t\t\t\t<\/div>\n\t\t<div class=\"elementor-element elementor-element-b85a526 e-flex e-con-boxed e-con e-child\" data-id=\"b85a526\" data-element_type=\"container\" data-settings=\"{&quot;background_background&quot;:&quot;classic&quot;}\">\n\t\t\t\t\t<div class=\"e-con-inner\">\n\t\t\t\t<div class=\"elementor-element elementor-element-83f3440 elementor-widget elementor-widget-text-editor\" data-id=\"83f3440\" data-element_type=\"widget\" data-widget_type=\"text-editor.default\">\n\t\t\t\t<div class=\"elementor-widget-container\">\n\t\t\t\t\t\t\t<p>CONCEPTION<br \/>PERSONALIS\u00c9E<\/p>\t\t\t\t\t\t<\/div>\n\t\t\t\t<\/div>\n\t\t\t\t<div class=\"elementor-element elementor-element-9916434 elementor-invisible elementor-widget elementor-widget-text-editor\" data-id=\"9916434\" data-element_type=\"widget\" data-settings=\"{&quot;_animation&quot;:&quot;slideInUp&quot;}\" data-widget_type=\"text-editor.default\">\n\t\t\t\t<div class=\"elementor-widget-container\">\n\t\t\t\t\t\t\t<p>Cr\u00e9ez la maison de vos r\u00eaves avec notre \u00e9quipe de concepteurs \nexp\u00e9riment\u00e9s. Nous travaillons en \u00e9troite collaboration avec vous pour \n\u00e9laborer un plan personnalis\u00e9 qui correspond \u00e0 vos besoins, votre style \nde vie et votre budget.<br><\/p>\t\t\t\t\t\t<\/div>\n\t\t\t\t<\/div>\n\t\t\t\t\t<\/div>\n\t\t\t\t<\/div>\n\t\t\t\t\t<\/div>\n\t\t\t\t<\/div>\n\t\t<div class=\"elementor-element elementor-element-0cc7e15 e-flex e-con-boxed elementor-invisible e-con e-child\" data-id=\"0cc7e15\" data-element_type=\"container\" data-settings=\"{&quot;animation&quot;:&quot;slideInUp&quot;,&quot;animation_delay&quot;:100}\">\n\t\t\t\t\t<div class=\"e-con-inner\">\n\t\t<div class=\"elementor-element elementor-element-e22a5f5 e-flex e-con-boxed e-con e-child\" data-id=\"e22a5f5\" data-element_type=\"container\" data-settings=\"{&quot;background_background&quot;:&quot;classic&quot;}\">\n\t\t\t\t\t<div class=\"e-con-inner\">\n\t\t\t\t\t<\/div>\n\t\t\t\t<\/div>\n\t\t<div class=\"elementor-element elementor-element-ecb1580 e-flex e-con-boxed e-con e-child\" data-id=\"ecb1580\" data-element_type=\"container\" data-settings=\"{&quot;background_background&quot;:&quot;classic&quot;}\">\n\t\t\t\t\t<div class=\"e-con-inner\">\n\t\t\t\t<div class=\"elementor-element elementor-element-d0ff9fb elementor-widget elementor-widget-text-editor\" data-id=\"d0ff9fb\" data-element_type=\"widget\" data-widget_type=\"text-editor.default\">\n\t\t\t\t<div class=\"elementor-widget-container\">\n\t\t\t\t\t\t\t<p>GESTION COMPL\u00c8TE<br \/>DE\u00a0<span style=\"font-size: 37px; color: var( --e-global-color-fba1a0b );\">PROJET<\/span><\/p>\t\t\t\t\t\t<\/div>\n\t\t\t\t<\/div>\n\t\t\t\t<div class=\"elementor-element elementor-element-1c918e4 elementor-invisible elementor-widget elementor-widget-text-editor\" data-id=\"1c918e4\" data-element_type=\"widget\" data-settings=\"{&quot;_animation&quot;:&quot;slideInUp&quot;}\" data-widget_type=\"text-editor.default\">\n\t\t\t\t<div class=\"elementor-widget-container\">\n\t\t\t\t\t\t\t<p>Nous prenons en charge tous les aspects de votre projet, de la recherche du terrain \u00e0 la coordination des artisans, en passant par le suivi du chantier. Notre \u00e9quipe veille \u00e0 ce que votre projet se d\u00e9roule sans accroc, dans les d\u00e9lais et selon les normes les plus \u00e9lev\u00e9es de qualit\u00e9<\/p>\t\t\t\t\t\t<\/div>\n\t\t\t\t<\/div>\n\t\t\t\t\t<\/div>\n\t\t\t\t<\/div>\n\t\t\t\t\t<\/div>\n\t\t\t\t<\/div>\n\t\t<div class=\"elementor-element elementor-element-d66ac89 e-flex e-con-boxed elementor-invisible e-con e-child\" data-id=\"d66ac89\" data-element_type=\"container\" data-settings=\"{&quot;animation&quot;:&quot;slideInUp&quot;,&quot;animation_delay&quot;:100}\">\n\t\t\t\t\t<div class=\"e-con-inner\">\n\t\t<div class=\"elementor-element elementor-element-0eca753 e-flex e-con-boxed e-con e-child\" data-id=\"0eca753\" data-element_type=\"container\" data-settings=\"{&quot;background_background&quot;:&quot;classic&quot;}\">\n\t\t\t\t\t<div class=\"e-con-inner\">\n\t\t\t\t\t<\/div>\n\t\t\t\t<\/div>\n\t\t<div class=\"elementor-element elementor-element-3806bea e-flex e-con-boxed e-con e-child\" data-id=\"3806bea\" data-element_type=\"container\" data-settings=\"{&quot;background_background&quot;:&quot;classic&quot;}\">\n\t\t\t\t\t<div class=\"e-con-inner\">\n\t\t\t\t<div class=\"elementor-element elementor-element-5e2ecd2 elementor-widget elementor-widget-text-editor\" data-id=\"5e2ecd2\" data-element_type=\"widget\" data-widget_type=\"text-editor.default\">\n\t\t\t\t<div class=\"elementor-widget-container\">\n\t\t\t\t\t\t\t<p>GARANTIES<br \/>&amp;<\/p><p>ENGAGEMENTS<\/p>\t\t\t\t\t\t<\/div>\n\t\t\t\t<\/div>\n\t\t\t\t<div class=\"elementor-element elementor-element-b44b73a elementor-invisible elementor-widget elementor-widget-text-editor\" data-id=\"b44b73a\" data-element_type=\"widget\" data-settings=\"{&quot;_animation&quot;:&quot;slideInUp&quot;}\" data-widget_type=\"text-editor.default\">\n\t\t\t\t<div class=\"elementor-widget-container\">\n\t\t\t\t\t\t\t<p>Nous offrons une assurance dommages-ouvrage ainsi que notre engagement \u00e0 respecter les r\u00e8gles de d\u00e9ontologie professionnelles et \u00e0 maintenir la propret\u00e9 des chantiers. Vous pouvez avoir confiance en notre engagement envers votre satisfaction et votre tranquillit\u00e9 d&rsquo;esprit.<\/p>\t\t\t\t\t\t<\/div>\n\t\t\t\t<\/div>\n\t\t\t\t\t<\/div>\n\t\t\t\t<\/div>\n\t\t\t\t\t<\/div>\n\t\t\t\t<\/div>\n\t\t<div class=\"elementor-element elementor-element-6b3af07 e-flex e-con-boxed elementor-invisible e-con e-child\" data-id=\"6b3af07\" data-element_type=\"container\" data-settings=\"{&quot;animation&quot;:&quot;slideInUp&quot;,&quot;animation_delay&quot;:100}\">\n\t\t\t\t\t<div class=\"e-con-inner\">\n\t\t<div class=\"elementor-element elementor-element-ef2442c e-flex e-con-boxed e-con e-child\" data-id=\"ef2442c\" data-element_type=\"container\" data-settings=\"{&quot;background_background&quot;:&quot;classic&quot;}\">\n\t\t\t\t\t<div class=\"e-con-inner\">\n\t\t\t\t\t<\/div>\n\t\t\t\t<\/div>\n\t\t<div class=\"elementor-element elementor-element-3314ef6 e-flex e-con-boxed e-con e-child\" data-id=\"3314ef6\" data-element_type=\"container\" data-settings=\"{&quot;background_background&quot;:&quot;classic&quot;}\">\n\t\t\t\t\t<div class=\"e-con-inner\">\n\t\t\t\t<div class=\"elementor-element elementor-element-f6763c5 elementor-widget elementor-widget-text-editor\" data-id=\"f6763c5\" data-element_type=\"widget\" data-widget_type=\"text-editor.default\">\n\t\t\t\t<div class=\"elementor-widget-container\">\n\t\t\t\t\t\t\t<p>NOS ENGAGEMENTS<\/p>\t\t\t\t\t\t<\/div>\n\t\t\t\t<\/div>\n\t\t\t\t<div class=\"elementor-element elementor-element-124bbba elementor-invisible elementor-widget elementor-widget-text-editor\" data-id=\"124bbba\" data-element_type=\"widget\" data-settings=\"{&quot;_animation&quot;:&quot;slideInUp&quot;}\" data-widget_type=\"text-editor.default\">\n\t\t\t\t<div class=\"elementor-widget-container\">\n\t\t\t\t\t\t\t<ul class=\"rteBlock defaultList\"><li>la recherche et l&rsquo;analyse de votre futur terrain<\/li><li>la cr\u00e9ation d&rsquo;un plan personnalis\u00e9 en s&rsquo;adaptant parfaitement \u00e0 votre terrain et \u00e0 vos besoins<\/li><li>l&rsquo;\u00e9tude gratuite de votre projet<\/li><li>la r\u00e9alisation d&rsquo;une \u00e9tude thermique pour la conformit\u00e9 de la RE2020<\/li><li>la prise en charge de toutes les d\u00e9marches administratives li\u00e9es \u00e0 l&rsquo;obtention du permis de construire<\/li><li>le choix des artisants partenaires locaux et fid\u00e8les depuis de nombreuses ann\u00e9es \u00e0 nos c\u00f4t\u00e9s<\/li><li>le respect de votre budget<\/li><li>le suivi du planning et la coordination des travaux<\/li><li>le suivi du chantier en s&rsquo;assurant du respect des d\u00e9lais et des prescriptions techniques<\/li><li>la r\u00e9ception de votre maison<\/li><li>l&rsquo;obtention de la conformit\u00e9 RE2020.<\/li><\/ul>\t\t\t\t\t\t<\/div>\n\t\t\t\t<\/div>\n\t\t\t\t\t<\/div>\n\t\t\t\t<\/div>\n\t\t\t\t\t<\/div>\n\t\t\t\t<\/div>\n\t\t\t\t<\/div>\n\t\t<div class=\"premium-parallax-section-hide elementor-element elementor-element-d3d3566 e-con-full premium-parallax-yes e-flex e-con e-parent\" data-pa-parallax=\"{&quot;type&quot;:&quot;scroll&quot;,&quot;speed&quot;:0.2,&quot;android&quot;:1,&quot;ios&quot;:1,&quot;size&quot;:null,&quot;repeat&quot;:null}\" data-id=\"d3d3566\" data-element_type=\"container\" id=\"apropos2\" data-settings=\"{&quot;background_background&quot;:&quot;classic&quot;}\">\n\t\t<div class=\"elementor-element elementor-element-2065937 e-flex e-con-boxed e-con e-child\" data-id=\"2065937\" data-element_type=\"container\">\n\t\t\t\t\t<div class=\"e-con-inner\">\n\t\t<div class=\"elementor-element elementor-element-ad6446b e-flex e-con-boxed e-con e-child\" data-id=\"ad6446b\" data-element_type=\"container\">\n\t\t\t\t\t<div class=\"e-con-inner\">\n\t\t<div class=\"elementor-element elementor-element-93851c3 e-con-full e-flex e-con e-child\" data-id=\"93851c3\" data-element_type=\"container\">\n\t\t\t\t<\/div>\n\t\t<div class=\"elementor-element elementor-element-1988e64 e-con-full e-flex e-con e-child\" data-id=\"1988e64\" data-element_type=\"container\">\n\t\t\t\t<div class=\"elementor-element elementor-element-5fe993a elementor-widget elementor-widget-text-editor\" data-id=\"5fe993a\" data-element_type=\"widget\" data-widget_type=\"text-editor.default\">\n\t\t\t\t<div class=\"elementor-widget-container\">\n\t\t\t\t\t\t\t<p>QUALIT\u00c9 ET ORIGINALIT\u00c9<br \/>LA SIGNATURE LES PROVINCIALES<\/p>\t\t\t\t\t\t<\/div>\n\t\t\t\t<\/div>\n\t\t\t\t<div class=\"elementor-element elementor-element-f5f25b6 elementor-widget elementor-widget-text-editor\" data-id=\"f5f25b6\" data-element_type=\"widget\" data-widget_type=\"text-editor.default\">\n\t\t\t\t<div class=\"elementor-widget-container\">\n\t\t\t\t\t\t\t<p>Chez Les Provinciales, l&rsquo;excellence et la confiance sont au c\u0153ur de notre engagement envers vous. Dot\u00e9s de toutes les garanties n\u00e9cessaires, nous nous engageons \u00e0 fournir un travail de qualit\u00e9 irr\u00e9prochable. Notre \u00e9quipe de professionnels d\u00e9vou\u00e9s est l\u00e0 pour vous accompagner et vous guider \u00e0 chaque \u00e9tape de votre projet, assurant que chaque d\u00e9cision refl\u00e8te vos d\u00e9sirs et vos besoins. Avec une gamme de mod\u00e8les de maisons enti\u00e8rement uniques, nous sommes fiers de vous offrir des cr\u00e9ations qui se distinguent par leur originalit\u00e9 et leur adaptabilit\u00e9 \u00e0 vos aspirations.<\/p><p><b>Chez Les Provinciales, chaque maison que nous construisons est le d\u00e9but d&rsquo;une nouvelle histoire \u2013 la v\u00f4tre.<\/b><\/p>\t\t\t\t\t\t<\/div>\n\t\t\t\t<\/div>\n\t\t\t\t<div class=\"elementor-element elementor-element-d72348f elementor-hidden-desktop elementor-hidden-tablet elementor-hidden-mobile elementor-widget elementor-widget-button\" data-id=\"d72348f\" data-element_type=\"widget\" data-widget_type=\"button.default\">\n\t\t\t\t<div class=\"elementor-widget-container\">\n\t\t\t\t\t<div class=\"elementor-button-wrapper\">\n\t\t\t<a class=\"elementor-button elementor-button-link elementor-size-sm\" href=\"#\">\n\t\t\t\t\t\t<span class=\"elementor-button-content-wrapper\">\n\t\t\t\t\t\t\t\t\t<span class=\"elementor-button-text\">Notre histoire<\/span>\n\t\t\t\t\t<\/span>\n\t\t\t\t\t<\/a>\n\t\t<\/div>\n\t\t\t\t<\/div>\n\t\t\t\t<\/div>\n\t\t\t\t<\/div>\n\t\t\t\t\t<\/div>\n\t\t\t\t<\/div>\n\t\t\t\t\t<\/div>\n\t\t\t\t<\/div>\n\t\t\t\t<\/div>\n\t\t<div class=\"premium-parallax-section-hide elementor-element elementor-element-3d510e4 e-con-full premium-parallax-yes e-flex e-con e-parent\" data-pa-parallax=\"{&quot;type&quot;:&quot;scroll&quot;,&quot;speed&quot;:0.2,&quot;android&quot;:1,&quot;ios&quot;:1,&quot;size&quot;:null,&quot;repeat&quot;:null}\" data-id=\"3d510e4\" data-element_type=\"container\" id=\"contact\" data-settings=\"{&quot;background_background&quot;:&quot;video&quot;,&quot;background_video_link&quot;:&quot;https:\\\/\\\/res.cloudinary.com\\\/dbdstnm5d\\\/video\\\/upload\\\/v1711321379\\\/services_yhmeda.mp4&quot;,&quot;background_play_on_mobile&quot;:&quot;yes&quot;}\">\n\t\t<div class=\"elementor-background-video-container\">\n\t\t\t\t\t\t\t<video class=\"elementor-background-video-hosted elementor-html5-video\" autoplay muted playsinline loop><\/video>\n\t\t\t\t\t<\/div><div class=\"elementor-element elementor-element-644cea8 e-flex e-con-boxed elementor-invisible e-con e-child\" data-id=\"644cea8\" data-element_type=\"container\" data-settings=\"{&quot;animation&quot;:&quot;zoomIn&quot;}\">\n\t\t\t\t\t<div class=\"e-con-inner\">\n\t\t<div class=\"elementor-element elementor-element-16cd1e9 e-flex e-con-boxed e-con e-child\" data-id=\"16cd1e9\" data-element_type=\"container\" data-settings=\"{&quot;background_background&quot;:&quot;classic&quot;}\">\n\t\t\t\t\t<div class=\"e-con-inner\">\n\t\t\t\t<div class=\"elementor-element elementor-element-8f72fff elementor-invisible elementor-widget elementor-widget-text-editor\" data-id=\"8f72fff\" data-element_type=\"widget\" data-settings=\"{&quot;_animation&quot;:&quot;slideInUp&quot;}\" data-widget_type=\"text-editor.default\">\n\t\t\t\t<div class=\"elementor-widget-container\">\n\t\t\t\t\t\t\t<p>Ouvrez la porte des possibles !<\/p>\t\t\t\t\t\t<\/div>\n\t\t\t\t<\/div>\n\t\t\t\t<div class=\"elementor-element elementor-element-92daf01 elementor-invisible elementor-widget elementor-widget-text-editor\" data-id=\"92daf01\" data-element_type=\"widget\" data-settings=\"{&quot;_animation&quot;:&quot;slideInUp&quot;}\" data-widget_type=\"text-editor.default\">\n\t\t\t\t<div class=\"elementor-widget-container\">\n\t\t\t\t\t\t\t<p><b style=\"font-size: 30px; color: var( --e-global-color-fba1a0b ); background-color: transparent;\">CONTACTEZ NOUS<\/b><\/p>\t\t\t\t\t\t<\/div>\n\t\t\t\t<\/div>\n\t\t\t\t<div class=\"elementor-element elementor-element-84400b0 elementor-align-center elementor-widget elementor-widget-button\" data-id=\"84400b0\" data-element_type=\"widget\" data-widget_type=\"button.default\">\n\t\t\t\t<div class=\"elementor-widget-container\">\n\t\t\t\t\t<div class=\"elementor-button-wrapper\">\n\t\t\t<a class=\"elementor-button elementor-button-link elementor-size-sm\" href=\"#\">\n\t\t\t\t\t\t<span class=\"elementor-button-content-wrapper\">\n\t\t\t\t\t\t\t\t\t<span class=\"elementor-button-text\">Ok<\/span>\n\t\t\t\t\t<\/span>\n\t\t\t\t\t<\/a>\n\t\t<\/div>\n\t\t\t\t<\/div>\n\t\t\t\t<\/div>\n\t\t\t\t<div class=\"elementor-element elementor-element-4883631 premium-vscroll-nav-dots-yes elementor-widget elementor-widget-premium-vscroll\" data-id=\"4883631\" data-element_type=\"widget\" data-widget_type=\"premium-vscroll.default\">\n\t\t\t\t<div class=\"elementor-widget-container\">\n\t\t\t\r\n\t\t<div class=\"premium-vscroll-wrap\" id=\"premium-vscroll-wrap-4883631\" data-settings=\"{&quot;id&quot;:&quot;4883631&quot;,&quot;speed&quot;:700,&quot;offset&quot;:0,&quot;tooltips&quot;:false,&quot;dotsText&quot;:[&quot;&quot;],&quot;dotsPos&quot;:&quot;right&quot;,&quot;dotsVPos&quot;:&quot;middle&quot;,&quot;fullSection&quot;:false,&quot;fullTouch&quot;:false,&quot;fullCheckOverflow&quot;:false,&quot;addToHistory&quot;:true,&quot;animation&quot;:&quot;&quot;,&quot;duration&quot;:null}\">\r\n\t\t\t\t\t\t<div class=\"premium-vscroll-inner\" id=\"premium-vscroll-4883631\">\r\n\t\t\t\t<div class=\"premium-vscroll-dots premium-vscroll-dots-hide right middle circ\">\r\n\t\t\t\t\t<ul class=\"premium-vscroll-dots-list\">\r\n\t\t\t\t\t\t\t\t\t\t\t\t\t<li data-index=\"0\" data-menuanchor=\"visions\" class=\"premium-vscroll-dot-item\">\r\n\t\t\t\t\t\t\t\t<div class=\"premium-vscroll-nav-link\"><span><\/span><\/div>\r\n\t\t\t\t\t\t\t<\/li>\r\n\t\t\t\t\t\t\t\t\t\t\t\t\t<li data-index=\"1\" data-menuanchor=\"apropos2\" class=\"premium-vscroll-dot-item\">\r\n\t\t\t\t\t\t\t\t<div class=\"premium-vscroll-nav-link\"><span><\/span><\/div>\r\n\t\t\t\t\t\t\t<\/li>\r\n\t\t\t\t\t\t\t\t\t\t\t\t\t<li data-index=\"2\" data-menuanchor=\"contact\" class=\"premium-vscroll-dot-item\">\r\n\t\t\t\t\t\t\t\t<div class=\"premium-vscroll-nav-link\"><span><\/span><\/div>\r\n\t\t\t\t\t\t\t<\/li>\r\n\t\t\t\t\t\t\t\t\t\t\t<\/ul>\r\n\t\t\t\t<\/div>\r\n\t\t\t\t\t\t\t<\/div>\r\n\t\t<\/div>\r\n\r\n\t\t\t\t<\/div>\n\t\t\t\t<\/div>\n\t\t\t\t\t<\/div>\n\t\t\t\t<\/div>\n\t\t\t\t\t<\/div>\n\t\t\t\t<\/div>\n\t\t\t\t<\/div>\n\t\t<div class=\"elementor-element elementor-element-e6c585b e-con-full elementor-hidden-desktop elementor-hidden-tablet elementor-hidden-mobile e-flex e-con e-parent\" data-id=\"e6c585b\" data-element_type=\"container\">\n\t\t<div class=\"elementor-element elementor-element-a1fbb01 e-con-full e-flex e-con e-child\" data-id=\"a1fbb01\" data-element_type=\"container\">\n\t\t\t\t<div class=\"elementor-element elementor-element-cf2dea5 elementor-widget elementor-widget-image\" data-id=\"cf2dea5\" data-element_type=\"widget\" data-widget_type=\"image.default\">\n\t\t\t\t<div class=\"elementor-widget-container\">\n\t\t\t\t\t\t\t\t\t\t\t\t\t<img decoding=\"async\" src=\"https:\/\/provinciales.dev-atolldesign.com\/wp-content\/uploads\/elementor\/thumbs\/provinciales-logo-jpeg-1920w-removebg-preview-qll416b90glawtqxy9hsg9itwtvd13c3ig21re8we8.png\" title=\"provinciales-logo-jpeg-1920w-removebg-preview\" alt=\"provinciales-logo-jpeg-1920w-removebg-preview\" loading=\"lazy\" \/>\t\t\t\t\t\t\t\t\t\t\t\t\t<\/div>\n\t\t\t\t<\/div>\n\t\t\t\t<\/div>\n\t\t<div class=\"elementor-element elementor-element-b9d701f e-con-full e-flex e-con e-child\" data-id=\"b9d701f\" data-element_type=\"container\">\n\t\t\t\t<div class=\"elementor-element elementor-element-1145c3a elementor-widget elementor-widget-text-editor\" data-id=\"1145c3a\" data-element_type=\"widget\" data-widget_type=\"text-editor.default\">\n\t\t\t\t<div class=\"elementor-widget-container\">\n\t\t\t\t\t\t\t<p>52 rue de Dunkerque 11400 Castelnaudary\u00a0 &#8211;\u00a0 04 68 23 24 72 &#8211; contact@les-provinciales-castelnaudary.fr<\/p>\t\t\t\t\t\t<\/div>\n\t\t\t\t<\/div>\n\t\t\t\t<\/div>\n\t\t<div class=\"elementor-element elementor-element-5df9708 e-con-full e-flex e-con e-child\" data-id=\"5df9708\" data-element_type=\"container\">\n\t\t\t\t<div class=\"elementor-element elementor-element-d3d5347 elementor-shape-circle elementor-grid-0 e-grid-align-center elementor-widget elementor-widget-social-icons\" data-id=\"d3d5347\" data-element_type=\"widget\" data-widget_type=\"social-icons.default\">\n\t\t\t\t<div class=\"elementor-widget-container\">\n\t\t\t\t\t<div class=\"elementor-social-icons-wrapper elementor-grid\">\n\t\t\t\t\t\t\t<span class=\"elementor-grid-item\">\n\t\t\t\t\t<a class=\"elementor-icon elementor-social-icon elementor-social-icon-facebook elementor-repeater-item-29afb0a\" target=\"_blank\">\n\t\t\t\t\t\t<span class=\"elementor-screen-only\">Facebook<\/span>\n\t\t\t\t\t\t<svg class=\"e-font-icon-svg e-fab-facebook\" viewBox=\"0 0 512 512\" xmlns=\"http:\/\/www.w3.org\/2000\/svg\"><path d=\"M504 256C504 119 393 8 256 8S8 119 8 256c0 123.78 90.69 226.38 209.25 245V327.69h-63V256h63v-54.64c0-62.15 37-96.48 93.67-96.48 27.14 0 55.52 4.84 55.52 4.84v61h-31.28c-30.8 0-40.41 19.12-40.41 38.73V256h68.78l-11 71.69h-57.78V501C413.31 482.38 504 379.78 504 256z\"><\/path><\/svg>\t\t\t\t\t<\/a>\n\t\t\t\t<\/span>\n\t\t\t\t\t\t\t<span class=\"elementor-grid-item\">\n\t\t\t\t\t<a class=\"elementor-icon elementor-social-icon elementor-social-icon-instagram elementor-repeater-item-6e22793\" target=\"_blank\">\n\t\t\t\t\t\t<span class=\"elementor-screen-only\">Instagram<\/span>\n\t\t\t\t\t\t<svg class=\"e-font-icon-svg e-fab-instagram\" viewBox=\"0 0 448 512\" xmlns=\"http:\/\/www.w3.org\/2000\/svg\"><path d=\"M224.1 141c-63.6 0-114.9 51.3-114.9 114.9s51.3 114.9 114.9 114.9S339 319.5 339 255.9 287.7 141 224.1 141zm0 189.6c-41.1 0-74.7-33.5-74.7-74.7s33.5-74.7 74.7-74.7 74.7 33.5 74.7 74.7-33.6 74.7-74.7 74.7zm146.4-194.3c0 14.9-12 26.8-26.8 26.8-14.9 0-26.8-12-26.8-26.8s12-26.8 26.8-26.8 26.8 12 26.8 26.8zm76.1 27.2c-1.7-35.9-9.9-67.7-36.2-93.9-26.2-26.2-58-34.4-93.9-36.2-37-2.1-147.9-2.1-184.9 0-35.8 1.7-67.6 9.9-93.9 36.1s-34.4 58-36.2 93.9c-2.1 37-2.1 147.9 0 184.9 1.7 35.9 9.9 67.7 36.2 93.9s58 34.4 93.9 36.2c37 2.1 147.9 2.1 184.9 0 35.9-1.7 67.7-9.9 93.9-36.2 26.2-26.2 34.4-58 36.2-93.9 2.1-37 2.1-147.8 0-184.8zM398.8 388c-7.8 19.6-22.9 34.7-42.6 42.6-29.5 11.7-99.5 9-132.1 9s-102.7 2.6-132.1-9c-19.6-7.8-34.7-22.9-42.6-42.6-11.7-29.5-9-99.5-9-132.1s-2.6-102.7 9-132.1c7.8-19.6 22.9-34.7 42.6-42.6 29.5-11.7 99.5-9 132.1-9s102.7-2.6 132.1 9c19.6 7.8 34.7 22.9 42.6 42.6 11.7 29.5 9 99.5 9 132.1s2.7 102.7-9 132.1z\"><\/path><\/svg>\t\t\t\t\t<\/a>\n\t\t\t\t<\/span>\n\t\t\t\t\t<\/div>\n\t\t\t\t<\/div>\n\t\t\t\t<\/div>\n\t\t\t\t<\/div>\n\t\t\t\t<\/div>\n\t\t\t\t<\/div>\n\t\t","protected":false},"excerpt":{"rendered":"<p>Accueil\u00a0 \u00a0 \u00a0 \u00a0\u00c0 propos\u00a0 \u00a0 \u00a0 \u00a0Nos services\u00a0 \u00a0 \u00a0 \u00a0Nos r\u00e9alisations\u00a0 \u00a0 \u00a0 \u00a0Contact 04 68 23 24 72 Particulier \u25a0 Professionnel VOTRE PARTENAIRE CONFIANCE CONCEPTIONPERSONALIS\u00c9E Cr\u00e9ez la maison de vos r\u00eaves avec notre \u00e9quipe de concepteurs exp\u00e9riment\u00e9s. Nous travaillons en \u00e9troite collaboration avec vous pour \u00e9laborer un plan personnalis\u00e9 qui correspond \u00e0 [&hellip;]<\/p>\n","protected":false},"author":1,"featured_media":0,"parent":0,"menu_order":0,"comment_status":"closed","ping_status":"closed","template":"elementor_header_footer","meta":{"inline_featured_image":false,"footnotes":""},"folder":[8],"class_list":["post-892","page","type-page","status-publish","hentry","entry"],"_links":{"self":[{"href":"https:\/\/provinciales.dev-atolldesign.com\/index.php\/wp-json\/wp\/v2\/pages\/892"}],"collection":[{"href":"https:\/\/provinciales.dev-atolldesign.com\/index.php\/wp-json\/wp\/v2\/pages"}],"about":[{"href":"https:\/\/provinciales.dev-atolldesign.com\/index.php\/wp-json\/wp\/v2\/types\/page"}],"author":[{"embeddable":true,"href":"https:\/\/provinciales.dev-atolldesign.com\/index.php\/wp-json\/wp\/v2\/users\/1"}],"replies":[{"embeddable":true,"href":"https:\/\/provinciales.dev-atolldesign.com\/index.php\/wp-json\/wp\/v2\/comments?post=892"}],"version-history":[{"count":87,"href":"https:\/\/provinciales.dev-atolldesign.com\/index.php\/wp-json\/wp\/v2\/pages\/892\/revisions"}],"predecessor-version":[{"id":1418,"href":"https:\/\/provinciales.dev-atolldesign.com\/index.php\/wp-json\/wp\/v2\/pages\/892\/revisions\/1418"}],"wp:attachment":[{"href":"https:\/\/provinciales.dev-atolldesign.com\/index.php\/wp-json\/wp\/v2\/media?parent=892"}],"wp:term":[{"taxonomy":"folder","embeddable":true,"href":"https:\/\/provinciales.dev-atolldesign.com\/index.php\/wp-json\/wp\/v2\/folder?post=892"}],"curies":[{"name":"wp","href":"https:\/\/api.w.org\/{rel}","templated":true}]}}